{"id":1101,"date":"2020-08-03T19:45:22","date_gmt":"2020-08-03T17:45:22","guid":{"rendered":"https:\/\/shop.guesswhatartworks.com\/?page_id=1101"},"modified":"2025-01-21T14:15:22","modified_gmt":"2025-01-21T13:15:22","slug":"impress","status":"publish","type":"page","link":"https:\/\/shop.guesswhatartworks.com\/en\/imprint\/","title":{"rendered":"Imprint"},"content":{"rendered":"\n<h1>Imprint<\/h1>\n\n\n\n<div class=\"wp-block-group\"><div class=\"wp-block-group__inner-container\">\n<p style=\"border-left:1px solid #000; padding-left:20px;\">GUESS WHAT! Artworks<br>Holder: Milena Himmerich-Chilla<br>Mainzer Str. 34<br>63456 Hanau<br>Germany<br><br>Telephone: +49 (0) 173 7482333<br>Telefax: +49 (0) 6181 4279515<br>Email: info (at) guesswhatartworks.com<br>Internet: www.shop.guesswhatartworks.com<\/p>\n<\/div><\/div>\n\n\n\n<p><br><strong>Verantwortlich f\u00fcr den Inhalt nach \u00a7 55 Abs. 2 RStV: <\/strong><br>Milena Himmerich-Chilla<br><br><strong>Ansprechpartner  Veranstaltungen\/Messeauftritte\/Marktst\u00e4nde:<\/strong><br>Milena Himmerich-Chilla<br><br><strong>Ansprechpartner Grafik- und Produktdesign:<\/strong><br>Milena Himmerich-Chilla<br><br><strong>Umsatzsteuer-Identifikationsnummer gem\u00e4\u00df \u00a7 27 a Umsatzsteuergesetz:<\/strong><br>DE272384951<br><br>Plattform der EU-Kommission zur Online-Streitbeilegung: <a href=\"https:\/\/ec.europa.eu\/consumers\/odr\">https:\/\/ec.europa.eu\/consumers\/odr<\/a><br>Wir sind zur Teilnahme an einem Streitbeilegungsverfahren vor einer Verbraucherschlichtungsstelle weder verpflichtet noch bereit.<br><br>Wir haben uns folgendem au\u00dfergerichtlichem Beschwerde- und Rechtsbehelfsverfahren unterworfen:<br>H\u00e4ndlerbund Management AG<br><br>Link zu den Zugangsvoraussetzungen: https:\/\/www.haendlerbund.de\/mitgliedschaft\/details<br><br><strong>Jugendschutzbeauftragte gem\u00e4\u00df \u00a7 7 Abs. 1 JMStV:<\/strong><br>Annelie W\u00f6hlert<br>H\u00e4ndlerbund<br>H\u00e4ndlerbund Management AG<br>Arcus Park\/ Torgauer Stra\u00dfe 233, 04347 Leipzig<br>Handelsregister Leipzig<br>Handelsregisternummer HRB 26667<br>Telefon: +49 341 92659-0<br>Telefax: +49 341 92659-100<br>Internet: www.haendlerbund.de<br>E-Mail: annelie.woehlert@haendlerbund.de<br><br><strong>Rechtliche Hinweise zur Webseite:<\/strong><br>Alle Texte, Bilder und weiter hier ver\u00f6ffentlichten Informationen unterliegen dem Urheberrecht des Anbieters, soweit nicht Urheberrechte Dritter bestehen. In jedem Fall ist eine Vervielf\u00e4ltigung, Verbreitung oder \u00f6ffentliche Wiedergabe ausschlie\u00dflich im Falle einer widerruflichen und nicht \u00fcbertragbaren Zustimmung des Anbieters gestattet.<br><br>F\u00fcr alle mittels Querverweis (Link) verbundenen Webinhalte \u00fcbernimmt der Anbieter keine Verantwortung, da es sich hierbei nicht um eigene Inhalte handelt. Die verlinkten Seiten wurden auf rechtswidrige Inhalte \u00fcberpr\u00fcft, zum Zeitpunkt der Verlinkung waren solche nicht erkennbar. Verantwortlich f\u00fcr den Inhalt der verlinkten Seiten ist deren Betreiber. Der Anbieter hat hierzu keine allgemeine \u00dcberwachungs- und Pr\u00fcfungspflicht. Bei Bekanntwerden einer Rechtsverletzung wird der entsprechende Link jedoch umgehend entfernt.<br><br><strong>Fotos<\/strong><br>F\u00fcr ausgew\u00e4hlte Produkte sowie Banner wurden f\u00fcr den Hintergrund Bilder von www.pexels.com verwendet. Bildquellen sind wie folgt:<br><br>&#8211; Hintergrundbild Banner greeting cards \/ \u00a9FWStudio<br>&#8211; Hintergrundbild Banner clothes \/ \u00a9Pixabay<br>&#8211; Hintergrundbild Banner art prints \/ \u00a9Life Of Pix<br>&#8211; Hintergrundbild Banner others \/ \u00a9Arminas Raudys<br>&#8211; Hintergrundbild Produkte art prints und originals \/ \u00a9MockupEditor.com<br>&#8211; Hintergrundbild Produkte greeting cards \/ \u00a9Dominika Roseclay<br>&#8211; Hintergrundbild Produkt Notebook \/ \u00a9Life Of Pix<br>&#8211; Hintergrundbild Produkt Autoaufkleber \/ \u00a9Life Of Pix<br>&#8211; Bild Bildmanipulation Produkt Autoaufkleber \/ \u00a9Kate Trysh<br>&#8211; Bild Bildmanipulation Produkt Autoaufkleber \/ \u00a9fotografierende<\/p>\n","protected":false},"excerpt":{"rendered":"<p>Imprint GUESS WHAT! ArtworksHolder: Milena Himmerich-ChillaMainzer Str. 3463456 HanauGermany Telephone: +49 (0) 173 7482333Telefax: +49 (0) 6181 4279515Email: info (at) guesswhatartworks.comInternet: www.shop.guesswhatartworks.com Verantwortlich f\u00fcr den Inhalt nach \u00a7 55 Abs. 2 RStV: Milena Himmerich-Chilla Ansprechpartner Veranstaltungen\/Messeauftritte\/Marktst\u00e4nde:Milena Himmerich-Chilla Ansprechpartner Grafik- und Produktdesign:Milena Himmerich-Chilla Umsatzsteuer-Identifikationsnummer gem\u00e4\u00df \u00a7 27 a Umsatzsteuergesetz:DE272384951 Plattform der EU-Kommission zur Online-Streitbeilegung: https:\/\/ec.europa.eu\/consumers\/odrWir sind [&hellip;]<\/p>\n","protected":false},"author":1,"featured_media":0,"parent":0,"menu_order":0,"comment_status":"closed","ping_status":"closed","template":"page-left-sidebar.php","meta":{"spay_email":""},"_links":{"self":[{"href":"https:\/\/shop.guesswhatartworks.com\/en\/wp-json\/wp\/v2\/pages\/1101"}],"collection":[{"href":"https:\/\/shop.guesswhatartworks.com\/en\/wp-json\/wp\/v2\/pages"}],"about":[{"href":"https:\/\/shop.guesswhatartworks.com\/en\/wp-json\/wp\/v2\/types\/page"}],"author":[{"embeddable":true,"href":"https:\/\/shop.guesswhatartworks.com\/en\/wp-json\/wp\/v2\/users\/1"}],"replies":[{"embeddable":true,"href":"https:\/\/shop.guesswhatartworks.com\/en\/wp-json\/wp\/v2\/comments?post=1101"}],"version-history":[{"count":9,"href":"https:\/\/shop.guesswhatartworks.com\/en\/wp-json\/wp\/v2\/pages\/1101\/revisions"}],"predecessor-version":[{"id":1390,"href":"https:\/\/shop.guesswhatartworks.com\/en\/wp-json\/wp\/v2\/pages\/1101\/revisions\/1390"}],"wp:attachment":[{"href":"https:\/\/shop.guesswhatartworks.com\/en\/wp-json\/wp\/v2\/media?parent=1101"}],"curies":[{"name":"wp","href":"https:\/\/api.w.org\/{rel}","templated":true}]}}